{"id":2613,"date":"2026-03-04T14:05:33","date_gmt":"2026-03-04T17:05:33","guid":{"rendered":"https:\/\/www.mundilarloja.com.br\/?post_type=product&#038;p=2613"},"modified":"2026-03-04T15:48:43","modified_gmt":"2026-03-04T18:48:43","slug":"boneco-capivara-divertoys","status":"publish","type":"product","link":"https:\/\/www.mundilarloja.com.br\/?product=boneco-capivara-divertoys","title":{"rendered":"Boneco Capivara Divertoys"},"content":{"rendered":"<article class=\"text-token-text-primary w-full focus:outline-none [--shadow-height:45px] has-data-writing-block:pointer-events-none has-data-writing-block:-mt-(--shadow-height) has-data-writing-block:pt-(--shadow-height) [&amp;:has([data-writing-block])&gt;*]:pointer-events-auto scroll-mt-(--header-height)\" dir=\"auto\" tabindex=\"-1\" data-turn-id=\"fac8d524-823d-42db-9401-4e7610981fc2\" data-testid=\"conversation-turn-7\" data-scroll-anchor=\"false\" data-turn=\"user\"><\/article>\n<article class=\"text-token-text-primary w-full focus:outline-none [--shadow-height:45px] has-data-writing-block:pointer-events-none has-data-writing-block:-mt-(--shadow-height) has-data-writing-block:pt-(--shadow-height) [&amp;:has([data-writing-block])&gt;*]:pointer-events-auto scroll-mt-[calc(var(--header-height)+min(200px,max(70px,20svh)))]\" dir=\"auto\" tabindex=\"-1\" data-turn-id=\"request-WEB:4a235189-4766-4ab3-a183-ddd0c238560a-3\" data-testid=\"conversation-turn-8\" data-scroll-anchor=\"true\" data-turn=\"assistant\">\n<div class=\"text-base my-auto mx-auto pb-10 [--thread-content-margin:--spacing(4)] @w-sm\/main:[--thread-content-margin:--spacing(6)] @w-lg\/main:[--thread-content-margin:--spacing(16)] px-(--thread-content-margin)\">\n<div class=\"[--thread-content-max-width:40rem] @w-lg\/main:[--thread-content-max-width:48rem] mx-auto max-w-(--thread-content-max-width) flex-1 group\/turn-messages focus-visible:outline-hidden relative flex w-full min-w-0 flex-col agent-turn\" tabindex=\"-1\">\n<div class=\"flex max-w-full flex-col grow\">\n<div class=\"min-h-8 text-message relative flex w-full flex-col items-end gap-2 text-start break-words whitespace-normal [.text-message+&amp;]:mt-1\" dir=\"auto\" data-message-author-role=\"assistant\" data-message-id=\"a3ea07b8-0cc3-4a86-9d6b-aa96d386672e\" data-message-model-slug=\"gpt-5-2\">\n<div class=\"flex w-full flex-col gap-1 empty:hidden first:pt-[1px]\">\n<div class=\"markdown prose dark:prose-invert w-full wrap-break-word dark markdown-new-styling\">\n<p data-start=\"0\" data-end=\"353\" data-is-last-node=\"\" data-is-only-node=\"\">O Boneco Capivara Divertoys \u00e9 um brinquedo encantador feito em vinil macio, perfeito para crian\u00e7as a partir de 3 anos. Articulado para proporcionar mais interatividade e divers\u00e3o, ele acompanha acess\u00f3rios charmosos, como roupinhas intercambi\u00e1veis, chap\u00e9u e bolsinha transversal. Um item colecion\u00e1vel que une estilo e a simpatia irresist\u00edvel da capivara.<\/p>\n<\/div>\n<\/div>\n<\/div>\n<\/div>\n<\/div>\n<\/div>\n<\/article>\n","protected":false},"excerpt":{"rendered":"<p>O Boneco Capivara Divertoys \u00e9 um brinquedo encantador feito em vinil macio, perfeito para crian\u00e7as a partir de 3 anos. Articulado para proporcionar mais interatividade e divers\u00e3o, ele acompanha acess\u00f3rios charmosos, como roupinhas intercambi\u00e1veis, chap\u00e9u e bolsinha transversal. Um item colecion\u00e1vel que une estilo e a simpatia irresist\u00edvel da capivara.<\/p>\n","protected":false},"featured_media":2658,"comment_status":"open","ping_status":"closed","template":"","meta":{"_acf_changed":false},"product_brand":[],"product_cat":[66],"product_tag":[],"class_list":{"0":"post-2613","1":"product","2":"type-product","3":"status-publish","4":"has-post-thumbnail","6":"product_cat-brinquedos","8":"first","9":"instock","10":"sale","11":"shipping-taxable","12":"purchasable","13":"product-type-simple"},"acf":[],"_links":{"self":[{"href":"https:\/\/www.mundilarloja.com.br\/index.php?rest_route=\/wp\/v2\/product\/2613","targetHints":{"allow":["GET"]}}],"collection":[{"href":"https:\/\/www.mundilarloja.com.br\/index.php?rest_route=\/wp\/v2\/product"}],"about":[{"href":"https:\/\/www.mundilarloja.com.br\/index.php?rest_route=\/wp\/v2\/types\/product"}],"replies":[{"embeddable":true,"href":"https:\/\/www.mundilarloja.com.br\/index.php?rest_route=%2Fwp%2Fv2%2Fcomments&post=2613"}],"wp:featuredmedia":[{"embeddable":true,"href":"https:\/\/www.mundilarloja.com.br\/index.php?rest_route=\/wp\/v2\/media\/2658"}],"wp:attachment":[{"href":"https:\/\/www.mundilarloja.com.br\/index.php?rest_route=%2Fwp%2Fv2%2Fmedia&parent=2613"}],"wp:term":[{"taxonomy":"product_brand","embeddable":true,"href":"https:\/\/www.mundilarloja.com.br\/index.php?rest_route=%2Fwp%2Fv2%2Fproduct_brand&post=2613"},{"taxonomy":"product_cat","embeddable":true,"href":"https:\/\/www.mundilarloja.com.br\/index.php?rest_route=%2Fwp%2Fv2%2Fproduct_cat&post=2613"},{"taxonomy":"product_tag","embeddable":true,"href":"https:\/\/www.mundilarloja.com.br\/index.php?rest_route=%2Fwp%2Fv2%2Fproduct_tag&post=2613"}],"curies":[{"name":"wp","href":"https:\/\/api.w.org\/{rel}","templated":true}]}}