{"id":2672,"date":"2026-03-04T15:58:45","date_gmt":"2026-03-04T18:58:45","guid":{"rendered":"https:\/\/www.mundilarloja.com.br\/?post_type=product&#038;p=2672"},"modified":"2026-03-04T15:58:46","modified_gmt":"2026-03-04T18:58:46","slug":"andador-totoka-blocks-truck-ride-on","status":"publish","type":"product","link":"https:\/\/www.mundilarloja.com.br\/?product=andador-totoka-blocks-truck-ride-on","title":{"rendered":"Andador Totoka Blocks Truck Ride On"},"content":{"rendered":"<p>O Andador Totoka Blocks Truck Ride On da <span class=\"hover:entity-accent entity-underline inline cursor-pointer align-baseline\"><span class=\"whitespace-normal\">Cardoso Toys<\/span><\/span> \u00e9 ideal para a primeira inf\u00e2ncia, funcionando como andador para estimular os primeiros passos e tamb\u00e9m como ve\u00edculo de passeio. Acompanha 10 blocos de montar que auxiliam no desenvolvimento motor e cognitivo, al\u00e9m de contar com porta-malas que abre e fecha para guardar as pe\u00e7as, proporcionando intera\u00e7\u00e3o e diversas possibilidades de brincadeira.<\/p>\n","protected":false},"excerpt":{"rendered":"<p>O Andador Totoka Blocks Truck Ride On da Cardoso Toys \u00e9 ideal para a primeira inf\u00e2ncia, funcionando como andador para estimular os primeiros passos e tamb\u00e9m como ve\u00edculo de passeio. Acompanha 10 blocos de montar que auxiliam no desenvolvimento motor e cognitivo, al\u00e9m de contar com porta-malas que abre e fecha para guardar as pe\u00e7as, [&hellip;]<\/p>\n","protected":false},"featured_media":2656,"comment_status":"open","ping_status":"closed","template":"","meta":{"_acf_changed":false},"product_brand":[],"product_cat":[66],"product_tag":[],"class_list":{"0":"post-2672","1":"product","2":"type-product","3":"status-publish","4":"has-post-thumbnail","6":"product_cat-brinquedos","8":"first","9":"instock","10":"sale","11":"shipping-taxable","12":"purchasable","13":"product-type-simple"},"acf":[],"_links":{"self":[{"href":"https:\/\/www.mundilarloja.com.br\/index.php?rest_route=\/wp\/v2\/product\/2672","targetHints":{"allow":["GET"]}}],"collection":[{"href":"https:\/\/www.mundilarloja.com.br\/index.php?rest_route=\/wp\/v2\/product"}],"about":[{"href":"https:\/\/www.mundilarloja.com.br\/index.php?rest_route=\/wp\/v2\/types\/product"}],"replies":[{"embeddable":true,"href":"https:\/\/www.mundilarloja.com.br\/index.php?rest_route=%2Fwp%2Fv2%2Fcomments&post=2672"}],"wp:featuredmedia":[{"embeddable":true,"href":"https:\/\/www.mundilarloja.com.br\/index.php?rest_route=\/wp\/v2\/media\/2656"}],"wp:attachment":[{"href":"https:\/\/www.mundilarloja.com.br\/index.php?rest_route=%2Fwp%2Fv2%2Fmedia&parent=2672"}],"wp:term":[{"taxonomy":"product_brand","embeddable":true,"href":"https:\/\/www.mundilarloja.com.br\/index.php?rest_route=%2Fwp%2Fv2%2Fproduct_brand&post=2672"},{"taxonomy":"product_cat","embeddable":true,"href":"https:\/\/www.mundilarloja.com.br\/index.php?rest_route=%2Fwp%2Fv2%2Fproduct_cat&post=2672"},{"taxonomy":"product_tag","embeddable":true,"href":"https:\/\/www.mundilarloja.com.br\/index.php?rest_route=%2Fwp%2Fv2%2Fproduct_tag&post=2672"}],"curies":[{"name":"wp","href":"https:\/\/api.w.org\/{rel}","templated":true}]}}