{"id":2675,"date":"2026-03-04T16:06:57","date_gmt":"2026-03-04T19:06:57","guid":{"rendered":"https:\/\/www.mundilarloja.com.br\/?post_type=product&#038;p=2675"},"modified":"2026-03-04T16:06:57","modified_gmt":"2026-03-04T19:06:57","slug":"cozinha-infantil-maral-beauty-chef-rosa","status":"publish","type":"product","link":"https:\/\/www.mundilarloja.com.br\/?product=cozinha-infantil-maral-beauty-chef-rosa","title":{"rendered":"Cozinha Infantil Maral Beauty Chef Rosa"},"content":{"rendered":"<p data-start=\"0\" data-end=\"289\">Cozinha Infantil Maral Beauty Chef Rosa \u00e9 perfeita para tornar o faz de conta ainda mais realista e divertido. Possui pia com torneira que sai \u00e1gua de verdade, fog\u00e3o de indu\u00e7\u00e3o, forno com porta que abre, micro-ondas e cafeteira, proporcionando uma experi\u00eancia completa de cozinha infantil.<\/p>\n<p data-start=\"291\" data-end=\"467\" data-is-last-node=\"\" data-is-only-node=\"\">Acompanha 8 utens\u00edlios, como frigideira, prato, x\u00edcara e talheres. Com aproximadamente 77 cm de altura, estimula a criatividade e a imagina\u00e7\u00e3o das crian\u00e7as em cada brincadeira.<\/p>\n","protected":false},"excerpt":{"rendered":"<p>Cozinha Infantil Maral Beauty Chef Rosa \u00e9 perfeita para tornar o faz de conta ainda mais realista e divertido. Possui pia com torneira que sai \u00e1gua de verdade, fog\u00e3o de indu\u00e7\u00e3o, forno com porta que abre, micro-ondas e cafeteira, proporcionando uma experi\u00eancia completa de cozinha infantil. Acompanha 8 utens\u00edlios, como frigideira, prato, x\u00edcara e talheres. [&hellip;]<\/p>\n","protected":false},"featured_media":2663,"comment_status":"open","ping_status":"closed","template":"","meta":{"_acf_changed":false},"product_brand":[],"product_cat":[66],"product_tag":[],"class_list":{"0":"post-2675","1":"product","2":"type-product","3":"status-publish","4":"has-post-thumbnail","6":"product_cat-brinquedos","8":"first","9":"instock","10":"sale","11":"shipping-taxable","12":"purchasable","13":"product-type-simple"},"acf":[],"_links":{"self":[{"href":"https:\/\/www.mundilarloja.com.br\/index.php?rest_route=\/wp\/v2\/product\/2675","targetHints":{"allow":["GET"]}}],"collection":[{"href":"https:\/\/www.mundilarloja.com.br\/index.php?rest_route=\/wp\/v2\/product"}],"about":[{"href":"https:\/\/www.mundilarloja.com.br\/index.php?rest_route=\/wp\/v2\/types\/product"}],"replies":[{"embeddable":true,"href":"https:\/\/www.mundilarloja.com.br\/index.php?rest_route=%2Fwp%2Fv2%2Fcomments&post=2675"}],"wp:featuredmedia":[{"embeddable":true,"href":"https:\/\/www.mundilarloja.com.br\/index.php?rest_route=\/wp\/v2\/media\/2663"}],"wp:attachment":[{"href":"https:\/\/www.mundilarloja.com.br\/index.php?rest_route=%2Fwp%2Fv2%2Fmedia&parent=2675"}],"wp:term":[{"taxonomy":"product_brand","embeddable":true,"href":"https:\/\/www.mundilarloja.com.br\/index.php?rest_route=%2Fwp%2Fv2%2Fproduct_brand&post=2675"},{"taxonomy":"product_cat","embeddable":true,"href":"https:\/\/www.mundilarloja.com.br\/index.php?rest_route=%2Fwp%2Fv2%2Fproduct_cat&post=2675"},{"taxonomy":"product_tag","embeddable":true,"href":"https:\/\/www.mundilarloja.com.br\/index.php?rest_route=%2Fwp%2Fv2%2Fproduct_tag&post=2675"}],"curies":[{"name":"wp","href":"https:\/\/api.w.org\/{rel}","templated":true}]}}