{"id":2676,"date":"2026-03-04T16:09:28","date_gmt":"2026-03-04T19:09:28","guid":{"rendered":"https:\/\/www.mundilarloja.com.br\/?post_type=product&#038;p=2676"},"modified":"2026-03-04T16:09:28","modified_gmt":"2026-03-04T19:09:28","slug":"totokinha-sport","status":"publish","type":"product","link":"https:\/\/www.mundilarloja.com.br\/?product=totokinha-sport","title":{"rendered":"Totokinha Sport"},"content":{"rendered":"<p data-start=\"0\" data-end=\"288\">Totokinha Sport da <span class=\"hover:entity-accent entity-underline inline cursor-pointer align-baseline\"><span class=\"whitespace-normal\">Cardoso Toys<\/span><\/span> \u00e9 um andador infantil indicado para crian\u00e7as a partir de 18 meses. Produzido em pl\u00e1stico resistente, conta com buzina, marcha que faz barulho de \u201ccrec-crec\u201d, porta-malas que abre e fecha e encaixes de formas geom\u00e9tricas no assento.<\/p>\n<p data-start=\"290\" data-end=\"404\" data-is-last-node=\"\" data-is-only-node=\"\">Al\u00e9m de divertido, auxilia no desenvolvimento da coordena\u00e7\u00e3o motora e no aprendizado das primeiras formas e cores.<\/p>\n","protected":false},"excerpt":{"rendered":"<p>Totokinha Sport da Cardoso Toys \u00e9 um andador infantil indicado para crian\u00e7as a partir de 18 meses. Produzido em pl\u00e1stico resistente, conta com buzina, marcha que faz barulho de \u201ccrec-crec\u201d, porta-malas que abre e fecha e encaixes de formas geom\u00e9tricas no assento. Al\u00e9m de divertido, auxilia no desenvolvimento da coordena\u00e7\u00e3o motora e no aprendizado das [&hellip;]<\/p>\n","protected":false},"featured_media":2660,"comment_status":"open","ping_status":"closed","template":"","meta":{"_acf_changed":false},"product_brand":[],"product_cat":[66],"product_tag":[],"class_list":{"0":"post-2676","1":"product","2":"type-product","3":"status-publish","4":"has-post-thumbnail","6":"product_cat-brinquedos","8":"first","9":"instock","10":"sale","11":"shipping-taxable","12":"purchasable","13":"product-type-simple"},"acf":[],"_links":{"self":[{"href":"https:\/\/www.mundilarloja.com.br\/index.php?rest_route=\/wp\/v2\/product\/2676","targetHints":{"allow":["GET"]}}],"collection":[{"href":"https:\/\/www.mundilarloja.com.br\/index.php?rest_route=\/wp\/v2\/product"}],"about":[{"href":"https:\/\/www.mundilarloja.com.br\/index.php?rest_route=\/wp\/v2\/types\/product"}],"replies":[{"embeddable":true,"href":"https:\/\/www.mundilarloja.com.br\/index.php?rest_route=%2Fwp%2Fv2%2Fcomments&post=2676"}],"wp:featuredmedia":[{"embeddable":true,"href":"https:\/\/www.mundilarloja.com.br\/index.php?rest_route=\/wp\/v2\/media\/2660"}],"wp:attachment":[{"href":"https:\/\/www.mundilarloja.com.br\/index.php?rest_route=%2Fwp%2Fv2%2Fmedia&parent=2676"}],"wp:term":[{"taxonomy":"product_brand","embeddable":true,"href":"https:\/\/www.mundilarloja.com.br\/index.php?rest_route=%2Fwp%2Fv2%2Fproduct_brand&post=2676"},{"taxonomy":"product_cat","embeddable":true,"href":"https:\/\/www.mundilarloja.com.br\/index.php?rest_route=%2Fwp%2Fv2%2Fproduct_cat&post=2676"},{"taxonomy":"product_tag","embeddable":true,"href":"https:\/\/www.mundilarloja.com.br\/index.php?rest_route=%2Fwp%2Fv2%2Fproduct_tag&post=2676"}],"curies":[{"name":"wp","href":"https:\/\/api.w.org\/{rel}","templated":true}]}}