{"id":2714,"date":"2026-03-05T18:58:57","date_gmt":"2026-03-05T21:58:57","guid":{"rendered":"https:\/\/www.mundilarloja.com.br\/?post_type=product&#038;p=2714"},"modified":"2026-03-05T18:58:57","modified_gmt":"2026-03-05T21:58:57","slug":"piscina-inflavel-infantil-2-aneis","status":"publish","type":"product","link":"https:\/\/www.mundilarloja.com.br\/?product=piscina-inflavel-infantil-2-aneis","title":{"rendered":"Piscina Infl\u00e1vel Infantil 2 An\u00e9is"},"content":{"rendered":"<p data-start=\"83\" data-end=\"306\">A piscina infl\u00e1vel infantil Wellmix \u00e9 perfeita para refrescar e divertir as crian\u00e7as nos dias quentes. Produzida em PVC resistente, possui estampa colorida de animais marinhos que deixa a brincadeira ainda mais divertida.<\/p>\n<p data-start=\"308\" data-end=\"500\" data-is-last-node=\"\" data-is-only-node=\"\">Com cerca de 61 cm de di\u00e2metro e capacidade aproximada entre 28 e 61 litros, conta com estrutura de 2 an\u00e9is infl\u00e1veis que oferecem mais estabilidade. Indicada para crian\u00e7as a partir de 2 anos.<\/p>\n","protected":false},"excerpt":{"rendered":"<p>A piscina infl\u00e1vel infantil Wellmix \u00e9 perfeita para refrescar e divertir as crian\u00e7as nos dias quentes. Produzida em PVC resistente, possui estampa colorida de animais marinhos que deixa a brincadeira ainda mais divertida. Com cerca de 61 cm de di\u00e2metro e capacidade aproximada entre 28 e 61 litros, conta com estrutura de 2 an\u00e9is infl\u00e1veis [&hellip;]<\/p>\n","protected":false},"featured_media":2706,"comment_status":"open","ping_status":"closed","template":"","meta":{"_acf_changed":false},"product_brand":[],"product_cat":[67],"product_tag":[],"class_list":{"0":"post-2714","1":"product","2":"type-product","3":"status-publish","4":"has-post-thumbnail","6":"product_cat-piscinas-e-inflaveis","8":"first","9":"instock","10":"sale","11":"shipping-taxable","12":"purchasable","13":"product-type-simple"},"acf":[],"_links":{"self":[{"href":"https:\/\/www.mundilarloja.com.br\/index.php?rest_route=\/wp\/v2\/product\/2714","targetHints":{"allow":["GET"]}}],"collection":[{"href":"https:\/\/www.mundilarloja.com.br\/index.php?rest_route=\/wp\/v2\/product"}],"about":[{"href":"https:\/\/www.mundilarloja.com.br\/index.php?rest_route=\/wp\/v2\/types\/product"}],"replies":[{"embeddable":true,"href":"https:\/\/www.mundilarloja.com.br\/index.php?rest_route=%2Fwp%2Fv2%2Fcomments&post=2714"}],"wp:featuredmedia":[{"embeddable":true,"href":"https:\/\/www.mundilarloja.com.br\/index.php?rest_route=\/wp\/v2\/media\/2706"}],"wp:attachment":[{"href":"https:\/\/www.mundilarloja.com.br\/index.php?rest_route=%2Fwp%2Fv2%2Fmedia&parent=2714"}],"wp:term":[{"taxonomy":"product_brand","embeddable":true,"href":"https:\/\/www.mundilarloja.com.br\/index.php?rest_route=%2Fwp%2Fv2%2Fproduct_brand&post=2714"},{"taxonomy":"product_cat","embeddable":true,"href":"https:\/\/www.mundilarloja.com.br\/index.php?rest_route=%2Fwp%2Fv2%2Fproduct_cat&post=2714"},{"taxonomy":"product_tag","embeddable":true,"href":"https:\/\/www.mundilarloja.com.br\/index.php?rest_route=%2Fwp%2Fv2%2Fproduct_tag&post=2714"}],"curies":[{"name":"wp","href":"https:\/\/api.w.org\/{rel}","templated":true}]}}