{"id":2723,"date":"2026-03-05T21:13:10","date_gmt":"2026-03-06T00:13:10","guid":{"rendered":"https:\/\/www.mundilarloja.com.br\/?post_type=product&#038;p=2723"},"modified":"2026-03-05T21:13:11","modified_gmt":"2026-03-06T00:13:11","slug":"bomboniere-de-vidro-com-tampa-vivian-850ml-hauskraft","status":"publish","type":"product","link":"https:\/\/www.mundilarloja.com.br\/?product=bomboniere-de-vidro-com-tampa-vivian-850ml-hauskraft","title":{"rendered":"Bomboniere de Vidro com Tampa Vivian 850ml Hauskraft"},"content":{"rendered":"<div class=\"flex flex-col text-sm pb-25\">\n<article class=\"text-token-text-primary w-full focus:outline-none [--shadow-height:45px] has-data-writing-block:pointer-events-none has-data-writing-block:-mt-(--shadow-height) has-data-writing-block:pt-(--shadow-height) [&amp;:has([data-writing-block])&gt;*]:pointer-events-auto scroll-mt-[calc(var(--header-height)+min(200px,max(70px,20svh)))]\" dir=\"auto\" tabindex=\"-1\" data-turn-id=\"request-69a860b4-e300-832c-80f9-62bce9ee2c30-8\" data-testid=\"conversation-turn-36\" data-scroll-anchor=\"true\" data-turn=\"assistant\">\n<div class=\"text-base my-auto mx-auto pb-10 [--thread-content-margin:var(--thread-content-margin-xs,calc(var(--spacing)*4))] @w-sm\/main:[--thread-content-margin:var(--thread-content-margin-sm,calc(var(--spacing)*6))] @w-lg\/main:[--thread-content-margin:var(--thread-content-margin-lg,calc(var(--spacing)*16))] px-(--thread-content-margin)\">\n<div class=\"[--thread-content-max-width:40rem] @w-lg\/main:[--thread-content-max-width:48rem] mx-auto max-w-(--thread-content-max-width) flex-1 group\/turn-messages focus-visible:outline-hidden relative flex w-full min-w-0 flex-col agent-turn\" tabindex=\"-1\">\n<div class=\"flex max-w-full flex-col gap-4 grow\">\n<div class=\"min-h-8 text-message relative flex w-full flex-col items-end gap-2 text-start break-words whitespace-normal [.text-message+&amp;]:mt-1\" dir=\"auto\" data-message-author-role=\"assistant\" data-message-id=\"db9ded32-0106-46f8-a41c-50c5e76ea47c\" data-message-model-slug=\"gpt-5-3\">\n<div class=\"flex w-full flex-col gap-1 empty:hidden\">\n<div class=\"markdown prose dark:prose-invert w-full wrap-break-word dark markdown-new-styling\">\n<p data-start=\"77\" data-end=\"245\">A bomboniere Vivian da Hauskraft \u00e9 produzida em vidro transparente com elegante design lapidado em alto relevo, trazendo charme e sofistica\u00e7\u00e3o para qualquer ambiente.<\/p>\n<p data-start=\"247\" data-end=\"441\" data-is-last-node=\"\" data-is-only-node=\"\">Com capacidade de 850 ml e dimens\u00f5es aproximadas de 20 cm de altura por 15,5 cm de di\u00e2metro, \u00e9 ideal para armazenar doces, balas ou servir como pe\u00e7a decorativa em ambientes cl\u00e1ssicos e modernos.<\/p>\n<\/div>\n<\/div>\n<\/div>\n<\/div>\n<div class=\"z-0 flex min-h-[46px] justify-start\"><\/div>\n<div class=\"mt-3 w-full empty:hidden\">\n<div class=\"text-center\"><\/div>\n<\/div>\n<\/div>\n<\/div>\n<\/article>\n<\/div>\n<div class=\"pointer-events-none h-px w-px absolute bottom-0\" aria-hidden=\"true\" data-edge=\"true\"><\/div>\n","protected":false},"excerpt":{"rendered":"<p>A bomboniere Vivian da Hauskraft \u00e9 produzida em vidro transparente com elegante design lapidado em alto relevo, trazendo charme e sofistica\u00e7\u00e3o para qualquer ambiente. Com capacidade de 850 ml e dimens\u00f5es aproximadas de 20 cm de altura por 15,5 cm de di\u00e2metro, \u00e9 ideal para armazenar doces, balas ou servir como pe\u00e7a decorativa em ambientes [&hellip;]<\/p>\n","protected":false},"featured_media":2717,"comment_status":"open","ping_status":"closed","template":"","meta":{"_acf_changed":false},"product_brand":[],"product_cat":[68,69],"product_tag":[],"class_list":{"0":"post-2723","1":"product","2":"type-product","3":"status-publish","4":"has-post-thumbnail","6":"product_cat-bomboniere","7":"product_cat-utensilios-domesticos","9":"first","10":"instock","11":"shipping-taxable","12":"purchasable","13":"product-type-simple"},"acf":[],"_links":{"self":[{"href":"https:\/\/www.mundilarloja.com.br\/index.php?rest_route=\/wp\/v2\/product\/2723","targetHints":{"allow":["GET"]}}],"collection":[{"href":"https:\/\/www.mundilarloja.com.br\/index.php?rest_route=\/wp\/v2\/product"}],"about":[{"href":"https:\/\/www.mundilarloja.com.br\/index.php?rest_route=\/wp\/v2\/types\/product"}],"replies":[{"embeddable":true,"href":"https:\/\/www.mundilarloja.com.br\/index.php?rest_route=%2Fwp%2Fv2%2Fcomments&post=2723"}],"wp:featuredmedia":[{"embeddable":true,"href":"https:\/\/www.mundilarloja.com.br\/index.php?rest_route=\/wp\/v2\/media\/2717"}],"wp:attachment":[{"href":"https:\/\/www.mundilarloja.com.br\/index.php?rest_route=%2Fwp%2Fv2%2Fmedia&parent=2723"}],"wp:term":[{"taxonomy":"product_brand","embeddable":true,"href":"https:\/\/www.mundilarloja.com.br\/index.php?rest_route=%2Fwp%2Fv2%2Fproduct_brand&post=2723"},{"taxonomy":"product_cat","embeddable":true,"href":"https:\/\/www.mundilarloja.com.br\/index.php?rest_route=%2Fwp%2Fv2%2Fproduct_cat&post=2723"},{"taxonomy":"product_tag","embeddable":true,"href":"https:\/\/www.mundilarloja.com.br\/index.php?rest_route=%2Fwp%2Fv2%2Fproduct_tag&post=2723"}],"curies":[{"name":"wp","href":"https:\/\/api.w.org\/{rel}","templated":true}]}}