{"id":2736,"date":"2026-03-06T23:17:24","date_gmt":"2026-03-07T02:17:24","guid":{"rendered":"https:\/\/www.mundilarloja.com.br\/?post_type=product&#038;p=2736"},"modified":"2026-04-13T01:58:31","modified_gmt":"2026-04-13T04:58:31","slug":"tapete-peludo-felpudo-para-sala-e-quarto-200-x-250","status":"publish","type":"product","link":"https:\/\/www.mundilarloja.com.br\/?product=tapete-peludo-felpudo-para-sala-e-quarto-200-x-250","title":{"rendered":"Tapete Peludo Felpudo para Sala e Quarto 2,00 x 2,50"},"content":{"rendered":"<article class=\"text-token-text-primary w-full focus:outline-none [--shadow-height:45px] has-data-writing-block:pointer-events-none has-data-writing-block:-mt-(--shadow-height) has-data-writing-block:pt-(--shadow-height) [&amp;:has([data-writing-block])&gt;*]:pointer-events-auto scroll-mt-(--header-height)\" dir=\"auto\" tabindex=\"-1\" data-turn-id=\"6bb02bb5-6baf-4622-a499-e69b2cd55a70\" data-testid=\"conversation-turn-39\" data-scroll-anchor=\"false\" data-turn=\"user\"><\/article>\n<article class=\"text-token-text-primary w-full focus:outline-none [--shadow-height:45px] has-data-writing-block:pointer-events-none has-data-writing-block:-mt-(--shadow-height) has-data-writing-block:pt-(--shadow-height) [&amp;:has([data-writing-block])&gt;*]:pointer-events-auto scroll-mt-[calc(var(--header-height)+min(200px,max(70px,20svh)))]\" dir=\"auto\" tabindex=\"-1\" data-turn-id=\"request-69a860b4-e300-832c-80f9-62bce9ee2c30-1\" data-testid=\"conversation-turn-40\" data-scroll-anchor=\"true\" data-turn=\"assistant\">\n<div class=\"text-base my-auto mx-auto pb-10 [--thread-content-margin:var(--thread-content-margin-xs,calc(var(--spacing)*4))] @w-sm\/main:[--thread-content-margin:var(--thread-content-margin-sm,calc(var(--spacing)*6))] @w-lg\/main:[--thread-content-margin:var(--thread-content-margin-lg,calc(var(--spacing)*16))] px-(--thread-content-margin)\">\n<div class=\"[--thread-content-max-width:40rem] @w-lg\/main:[--thread-content-max-width:48rem] mx-auto max-w-(--thread-content-max-width) flex-1 group\/turn-messages focus-visible:outline-hidden relative flex w-full min-w-0 flex-col agent-turn\" tabindex=\"-1\">\n<div class=\"flex max-w-full flex-col gap-4 grow\">\n<div class=\"min-h-8 text-message relative flex w-full flex-col items-end gap-2 text-start break-words whitespace-normal [.text-message+&amp;]:mt-1\" dir=\"auto\" data-message-author-role=\"assistant\" data-message-id=\"1ec882b6-ffcf-42ba-8c34-62d68a535266\" data-message-model-slug=\"gpt-5-3\">\n<div class=\"flex w-full flex-col gap-1 empty:hidden\">\n<div class=\"markdown prose dark:prose-invert w-full wrap-break-word dark markdown-new-styling\">\n<p data-start=\"0\" data-end=\"70\"><strong data-start=\"0\" data-end=\"20\">Nome do Produto:<\/strong> Faqueiro 25 Pe\u00e7as New Caprese Vermelho Fratelli<\/p>\n<p data-start=\"72\" data-end=\"376\" data-is-last-node=\"\" data-is-only-node=\"\">O faqueiro New Caprese da Fratelli \u00e9 ideal para compor a mesa com estilo e praticidade. O conjunto conta com 25 pe\u00e7as na cor vermelha, perfeito para o uso no dia a dia ou em ocasi\u00f5es especiais. Possui design moderno e cabos resistentes, proporcionando conforto no manuseio e um toque de eleg\u00e2ncia \u00e0 mesa.<\/p>\n<\/div>\n<\/div>\n<\/div>\n<\/div>\n<\/div>\n<\/div>\n<\/article>\n","protected":false},"excerpt":{"rendered":"<p>Nome do Produto: Faqueiro 25 Pe\u00e7as New Caprese Vermelho Fratelli O faqueiro New Caprese da Fratelli \u00e9 ideal para compor a mesa com estilo e praticidade. O conjunto conta com 25 pe\u00e7as na cor vermelha, perfeito para o uso no dia a dia ou em ocasi\u00f5es especiais. Possui design moderno e cabos resistentes, proporcionando conforto [&hellip;]<\/p>\n","protected":false},"featured_media":2727,"comment_status":"open","ping_status":"closed","template":"","meta":{"_acf_changed":false},"product_brand":[],"product_cat":[73],"product_tag":[],"class_list":{"0":"post-2736","1":"product","2":"type-product","3":"status-publish","4":"has-post-thumbnail","6":"product_cat-tapetes","8":"first","9":"instock","10":"shipping-taxable","11":"purchasable","12":"product-type-simple"},"acf":[],"_links":{"self":[{"href":"https:\/\/www.mundilarloja.com.br\/index.php?rest_route=\/wp\/v2\/product\/2736","targetHints":{"allow":["GET"]}}],"collection":[{"href":"https:\/\/www.mundilarloja.com.br\/index.php?rest_route=\/wp\/v2\/product"}],"about":[{"href":"https:\/\/www.mundilarloja.com.br\/index.php?rest_route=\/wp\/v2\/types\/product"}],"replies":[{"embeddable":true,"href":"https:\/\/www.mundilarloja.com.br\/index.php?rest_route=%2Fwp%2Fv2%2Fcomments&post=2736"}],"wp:featuredmedia":[{"embeddable":true,"href":"https:\/\/www.mundilarloja.com.br\/index.php?rest_route=\/wp\/v2\/media\/2727"}],"wp:attachment":[{"href":"https:\/\/www.mundilarloja.com.br\/index.php?rest_route=%2Fwp%2Fv2%2Fmedia&parent=2736"}],"wp:term":[{"taxonomy":"product_brand","embeddable":true,"href":"https:\/\/www.mundilarloja.com.br\/index.php?rest_route=%2Fwp%2Fv2%2Fproduct_brand&post=2736"},{"taxonomy":"product_cat","embeddable":true,"href":"https:\/\/www.mundilarloja.com.br\/index.php?rest_route=%2Fwp%2Fv2%2Fproduct_cat&post=2736"},{"taxonomy":"product_tag","embeddable":true,"href":"https:\/\/www.mundilarloja.com.br\/index.php?rest_route=%2Fwp%2Fv2%2Fproduct_tag&post=2736"}],"curies":[{"name":"wp","href":"https:\/\/api.w.org\/{rel}","templated":true}]}}