{"id":2737,"date":"2026-03-06T23:20:14","date_gmt":"2026-03-07T02:20:14","guid":{"rendered":"https:\/\/www.mundilarloja.com.br\/?post_type=product&#038;p=2737"},"modified":"2026-03-06T23:20:14","modified_gmt":"2026-03-07T02:20:14","slug":"quadro-decorativo-leao-com-moldura","status":"publish","type":"product","link":"https:\/\/www.mundilarloja.com.br\/?product=quadro-decorativo-leao-com-moldura","title":{"rendered":"Quadro Decorativo Le\u00e3o com Moldura"},"content":{"rendered":"<p>O quadro decorativo com imagem de le\u00e3o \u00e9 ideal para trazer personalidade e sofistica\u00e7\u00e3o ao ambiente. Com arte impactante e detalhes realistas, transmite for\u00e7a e eleg\u00e2ncia, sendo perfeito para salas, quartos, escrit\u00f3rios ou ambientes modernos.<\/p>\n","protected":false},"excerpt":{"rendered":"<p>O quadro decorativo com imagem de le\u00e3o \u00e9 ideal para trazer personalidade e sofistica\u00e7\u00e3o ao ambiente. Com arte impactante e detalhes realistas, transmite for\u00e7a e eleg\u00e2ncia, sendo perfeito para salas, quartos, escrit\u00f3rios ou ambientes modernos.<\/p>\n","protected":false},"featured_media":2733,"comment_status":"open","ping_status":"closed","template":"","meta":{"_acf_changed":false},"product_brand":[],"product_cat":[70],"product_tag":[],"class_list":{"0":"post-2737","1":"product","2":"type-product","3":"status-publish","4":"has-post-thumbnail","6":"product_cat-decoracoes","8":"first","9":"instock","10":"sale","11":"shipping-taxable","12":"purchasable","13":"product-type-simple"},"acf":[],"_links":{"self":[{"href":"https:\/\/www.mundilarloja.com.br\/index.php?rest_route=\/wp\/v2\/product\/2737","targetHints":{"allow":["GET"]}}],"collection":[{"href":"https:\/\/www.mundilarloja.com.br\/index.php?rest_route=\/wp\/v2\/product"}],"about":[{"href":"https:\/\/www.mundilarloja.com.br\/index.php?rest_route=\/wp\/v2\/types\/product"}],"replies":[{"embeddable":true,"href":"https:\/\/www.mundilarloja.com.br\/index.php?rest_route=%2Fwp%2Fv2%2Fcomments&post=2737"}],"wp:featuredmedia":[{"embeddable":true,"href":"https:\/\/www.mundilarloja.com.br\/index.php?rest_route=\/wp\/v2\/media\/2733"}],"wp:attachment":[{"href":"https:\/\/www.mundilarloja.com.br\/index.php?rest_route=%2Fwp%2Fv2%2Fmedia&parent=2737"}],"wp:term":[{"taxonomy":"product_brand","embeddable":true,"href":"https:\/\/www.mundilarloja.com.br\/index.php?rest_route=%2Fwp%2Fv2%2Fproduct_brand&post=2737"},{"taxonomy":"product_cat","embeddable":true,"href":"https:\/\/www.mundilarloja.com.br\/index.php?rest_route=%2Fwp%2Fv2%2Fproduct_cat&post=2737"},{"taxonomy":"product_tag","embeddable":true,"href":"https:\/\/www.mundilarloja.com.br\/index.php?rest_route=%2Fwp%2Fv2%2Fproduct_tag&post=2737"}],"curies":[{"name":"wp","href":"https:\/\/api.w.org\/{rel}","templated":true}]}}