{"id":2739,"date":"2026-03-06T23:24:12","date_gmt":"2026-03-07T02:24:12","guid":{"rendered":"https:\/\/www.mundilarloja.com.br\/?post_type=product&#038;p=2739"},"modified":"2026-03-06T23:24:12","modified_gmt":"2026-03-07T02:24:12","slug":"travesseiro-sleepy-50x70-havan-casa-by-altenburg","status":"publish","type":"product","link":"https:\/\/www.mundilarloja.com.br\/?product=travesseiro-sleepy-50x70-havan-casa-by-altenburg","title":{"rendered":"Travesseiro Sleepy 50&#215;70 Havan Casa by Altenburg"},"content":{"rendered":"<p data-start=\"73\" data-end=\"333\">O travesseiro Sleepy, da linha Havan Casa em parceria com a Altenburg, foi desenvolvido para oferecer conforto e suporte durante o sono. Com tamanho padr\u00e3o de 50 cm x 70 cm, \u00e9 especialmente indicado para quem dorme de lado, ajudando no alinhamento da coluna.<\/p>\n<p data-start=\"335\" data-end=\"609\" data-is-last-node=\"\" data-is-only-node=\"\">Possui enchimento 100% em fibra de poli\u00e9ster e revestimento em microfibra macia. \u00c9 inodoro, n\u00e3o al\u00e9rgico e lav\u00e1vel em m\u00e1quina, proporcionando mais praticidade no dia a dia. Seu suporte \u00e9 considerado m\u00e9dio a firme, garantindo maior estabilidade e conforto durante o descanso.<\/p>\n","protected":false},"excerpt":{"rendered":"<p>O travesseiro Sleepy, da linha Havan Casa em parceria com a Altenburg, foi desenvolvido para oferecer conforto e suporte durante o sono. Com tamanho padr\u00e3o de 50 cm x 70 cm, \u00e9 especialmente indicado para quem dorme de lado, ajudando no alinhamento da coluna. Possui enchimento 100% em fibra de poli\u00e9ster e revestimento em microfibra [&hellip;]<\/p>\n","protected":false},"featured_media":2729,"comment_status":"open","ping_status":"closed","template":"","meta":{"_acf_changed":false},"product_brand":[],"product_cat":[71],"product_tag":[],"class_list":{"0":"post-2739","1":"product","2":"type-product","3":"status-publish","4":"has-post-thumbnail","6":"product_cat-cama_mesa_e_banho","8":"first","9":"instock","10":"sale","11":"shipping-taxable","12":"purchasable","13":"product-type-simple"},"acf":[],"_links":{"self":[{"href":"https:\/\/www.mundilarloja.com.br\/index.php?rest_route=\/wp\/v2\/product\/2739","targetHints":{"allow":["GET"]}}],"collection":[{"href":"https:\/\/www.mundilarloja.com.br\/index.php?rest_route=\/wp\/v2\/product"}],"about":[{"href":"https:\/\/www.mundilarloja.com.br\/index.php?rest_route=\/wp\/v2\/types\/product"}],"replies":[{"embeddable":true,"href":"https:\/\/www.mundilarloja.com.br\/index.php?rest_route=%2Fwp%2Fv2%2Fcomments&post=2739"}],"wp:featuredmedia":[{"embeddable":true,"href":"https:\/\/www.mundilarloja.com.br\/index.php?rest_route=\/wp\/v2\/media\/2729"}],"wp:attachment":[{"href":"https:\/\/www.mundilarloja.com.br\/index.php?rest_route=%2Fwp%2Fv2%2Fmedia&parent=2739"}],"wp:term":[{"taxonomy":"product_brand","embeddable":true,"href":"https:\/\/www.mundilarloja.com.br\/index.php?rest_route=%2Fwp%2Fv2%2Fproduct_brand&post=2739"},{"taxonomy":"product_cat","embeddable":true,"href":"https:\/\/www.mundilarloja.com.br\/index.php?rest_route=%2Fwp%2Fv2%2Fproduct_cat&post=2739"},{"taxonomy":"product_tag","embeddable":true,"href":"https:\/\/www.mundilarloja.com.br\/index.php?rest_route=%2Fwp%2Fv2%2Fproduct_tag&post=2739"}],"curies":[{"name":"wp","href":"https:\/\/api.w.org\/{rel}","templated":true}]}}